{"id":729,"date":"2018-03-15T12:05:41","date_gmt":"2018-03-15T12:05:41","guid":{"rendered":"http:\/\/ninzio.com\/gustablo\/?page_id=729"},"modified":"2024-01-11T19:51:57","modified_gmt":"2024-01-11T19:51:57","slug":"sobre-nosotros","status":"publish","type":"page","link":"https:\/\/chokliarepas.com\/index.php\/sobre-nosotros\/","title":{"rendered":"Sobre Nosotros"},"content":{"rendered":"<div class=\"wpb-content-wrapper\"><p>[vc_row][vc_column]\r\n\t<div class=\"wprt-spacer clearfix\" data-desktop=\"82\" data-mobi=\"60\" data-smobi=\"60\"><\/div>[vc_row_inner][vc_column_inner width=&#8221;1\/2&#8243;]\r\n\t<div class=\"wprt-spacer clearfix\" data-desktop=\"5\" data-mobi=\"0\" data-smobi=\"0\"><\/div>\r\n\t<div class=\"wprt-tabs clearfix style-1\"><ul class=\"tab-title clearfix\"><\/ul><div class=\"tab-content-wrap\"><div class=\"tab-content \" style=\"\"><li class=\"item-title\" style=\"\">\r\n\t\t\t<span class=\"inner\" style=\"\">\r\n\t\t\t\tHISTORIA\r\n\t\t\t<\/span>\r\n\t\t<\/li><div class=\"item-content\" style=\"\"><p>Chokliarepas es mucho m\u00e1s que un negocio; es el cumplimiento de un sue\u00f1o arraigado en el coraz\u00f3n de una familia colombiana. Con tenacidad, dedicaci\u00f3n y una profunda confianza en Dios, hemos convertido nuestro sue\u00f1o en una realidad palpable. Enfrentando desaf\u00edos con amor y determinaci\u00f3n, hemos forjado un proyecto empresarial sostenible y rentable en los Estados Unidos.<\/p>\n<p>Nuestro prop\u00f3sito va m\u00e1s all\u00e1 de la mera comercializaci\u00f3n; nos hemos propuesto la tarea de desarrollar productos alimenticios a base de ma\u00edz. Queremos ofrecer al mercado una alternativa que no solo sea deliciosa, sino tambi\u00e9n saludable y nutritiva. En cada creaci\u00f3n, buscamos evocar los sabores inolvidables de nuestra rica gastronom\u00eda popular colombiana.<\/p>\n<p>Chokliarepas es la expresi\u00f3n de nuestra herencia, un testimonio de la pasi\u00f3n y el esfuerzo que hemos invertido en cada paso de este viaje. A trav\u00e9s de productos cuidadosamente elaborados, buscamos compartir con el mundo la aut\u00e9ntica esencia de la cocina colombiana. \u00a1\u00danete a nosotros en este viaje culinario que celebra la tradici\u00f3n, el amor por la familia y la riqueza de nuestros sabores \u00fanicos!<\/p>\n<\/div><\/div><div class=\"tab-content \" style=\"\"><li class=\"item-title\" style=\"\">\r\n\t\t\t<span class=\"inner\" style=\"\">\r\n\t\t\t\tMISI\u00d3N\r\n\t\t\t<\/span>\r\n\t\t<\/li><div class=\"item-content\" style=\"\"><div class=\"text-light\">\n<div class=\"flex-1 overflow-hidden\">\n<div class=\"react-scroll-to-bottom--css-loqjk-79elbk h-full\">\n<div class=\"react-scroll-to-bottom--css-loqjk-1n7m0yu\">\n<div class=\"flex flex-col pb-9 text-sm\">\n<div class=\"w-full text-token-text-primary\" data-testid=\"conversation-turn-25\">\n<div class=\"px-4 py-2 justify-center text-base md:gap-6 m-auto\">\n<div class=\"flex flex-1 text-base mx-auto gap-3 md:px-5 lg:px-1 xl:px-5 md:max-w-3xl lg:max-w-&#091;40rem&#093; xl:max-w-&#091;48rem&#093; group final-completion\">\n<div class=\"relative flex w-full flex-col lg:w-&#091;calc(100%-115px)&#093; agent-turn\">\n<div class=\"flex-col gap-1 md:gap-3\">\n<div class=\"flex flex-grow flex-col max-w-full\">\n<div data-message-author-role=\"assistant\" data-message-id=\"b9bbc255-2f4b-42c3-a9e8-c027e4725e8b\" class=\"min-h-&#091;20px&#093; text-message flex flex-col items-start gap-3 whitespace-pre-wrap break-words &#091;.text-message+&amp;&#093;:mt-5 overflow-x-auto\">\n<div class=\"markdown prose w-full break-words dark:prose-invert light\">\n<p>Chokliarepas tiene la misi\u00f3n de brindar a nuestros clientes productos alimenticios colombianos saludables, de la m\u00e1s alta calidad, que aportan un alto valor nutricional, elaborados con ingredientes naturales, libres de gluten, conservantes y aditivos. Productos artesanales que combinan la tradici\u00f3n y el saz\u00f3n de nuestros ancestros con las t\u00e9cnicas culinarias actuales, permitiendo evocar nuestras ra\u00edces. Esto genera bienestar para nuestros colaboradores y rentabilidad \u00f3ptima para nuestros socios.<\/p>\n<\/div>\n<\/div>\n<\/div>\n<\/div>\n<\/div>\n<\/div>\n<\/div>\n<\/div>\n<\/div>\n<\/div>\n<\/div>\n<\/div>\n<\/div>\n<\/div><\/div><div class=\"tab-content \" style=\"\"><li class=\"item-title\" style=\"\">\r\n\t\t\t<span class=\"inner\" style=\"\">\r\n\t\t\t\tVISI\u00d3N\r\n\t\t\t<\/span>\r\n\t\t<\/li><div class=\"item-content\" style=\"\"><p><span>La visi\u00f3n de chokkliarepas es llegar a ser en cinco a\u00f1os la compa\u00f1\u00eda n\u00famero uno en la venta de arepas y envueltos colombianos en el estado de New Jersey. Implementando una red de tiendas propias y en franquicia con presencia en el mercado hispano y americano<\/span><\/p>\n<\/div><\/div>\n<\/div><\/div>\r\n\t<div class=\"wprt-spacer clearfix\" data-desktop=\"0\" data-mobi=\"35\" data-smobi=\"35\"><\/div>[\/vc_column_inner][vc_column_inner width=&#8221;1\/2&#8243;]<div class=\"wprt-images-grid\" data-layout=\"slider\" data-column=\"1\" data-column2=\"1\" data-column3=\"1\" data-column4=\"1\" data-gaph=\"30\" data-gaph=\"30\" data-gapv=\"30\"><div id=\"images-wrap\" class=\"cbp\"><div class=\"cbp-item\"><div class=\"item-wrap\"><a class=\"zoom-popup cbp-lightbox\" href=\"https:\/\/chokliarepas.com\/wp-content\/uploads\/2024\/01\/Sin-titulo-1-3.jpg\"><i class=\"gustablo-magnifier2\"><\/i><\/a><img decoding=\"async\" src=\"https:\/\/chokliarepas.com\/wp-content\/uploads\/2024\/01\/Sin-titulo-1-3.jpg\" alt=\"image\" \/><\/div><\/div><div class=\"cbp-item\"><div class=\"item-wrap\"><a class=\"zoom-popup cbp-lightbox\" href=\"https:\/\/chokliarepas.com\/wp-content\/uploads\/2024\/01\/Sin-titulo-1.jpg\"><i class=\"gustablo-magnifier2\"><\/i><\/a><img decoding=\"async\" src=\"https:\/\/chokliarepas.com\/wp-content\/uploads\/2024\/01\/Sin-titulo-1.jpg\" alt=\"image\" \/><\/div><\/div><div class=\"cbp-item\"><div class=\"item-wrap\"><a class=\"zoom-popup cbp-lightbox\" href=\"https:\/\/chokliarepas.com\/wp-content\/uploads\/2024\/01\/Sin-titulo-1-2.jpg\"><i class=\"gustablo-magnifier2\"><\/i><\/a><img decoding=\"async\" src=\"https:\/\/chokliarepas.com\/wp-content\/uploads\/2024\/01\/Sin-titulo-1-2.jpg\" alt=\"image\" \/><\/div><\/div><\/div><\/div>[\/vc_column_inner][\/vc_row_inner]\r\n\t<div class=\"wprt-spacer clearfix\" data-desktop=\"110\" data-mobi=\"60\" data-smobi=\"60\"><\/div>[\/vc_column][\/vc_row][vc_row][vc_column]\r\n\t<div class=\"wprt-spacer clearfix\" data-desktop=\"72\" data-mobi=\"60\" data-smobi=\"60\"><\/div><div class=\"wprt-grid-box clearfix dotted no-border-wrap\">\r\n\t\t<div class=\"wprt-content-box clearfix \" data-padding=\"0px 50px 0px 50px\" data-mobipadding=\"0px 0px 35px 0px\" data-margin=\"\" data-mobimargin=\"\">\r\n\t\t<div class=\"inner-wrap \" style=\"\">\r\n\t\t\t<div class=\"wprt-icon-box clearfix icon-top w95 grey-bg align-center rounded-100 has-width\"><div class=\"icon-wrap \" style=\"font-size:40px;\">\r\n\t\t\t\t<i class=\"nz-chef\"><\/i>\r\n\t\t\t<\/div> <h3 class=\"heading \" style=\"font-size:16px;margin-bottom:5px;\">\r\n\t\t<a target=\"_blank\" href=\"\">\r\n\t\t\t<span>Sabor con Saz\u00f3n Colombiano<\/span>\r\n\t\t<\/a>\r\n\t<\/h3><p class=\"desc\" style=\"\">\r\n\t\t<span>En Chokliarepas, cada arepa lleva consigo la esencia de Colombia. Confeccionadas con amor y dedicaci\u00f3n, nuestras creaciones son un fest\u00edn de sabores aut\u00e9nticos, una fusi\u00f3n del ma\u00edz con la tradici\u00f3n culinaria colombiana. Descubre el sabor con saz\u00f3n colombiano en cada mordisco, un viaje directo al coraz\u00f3n de nuestra cocina familiar.<\/span>\r\n\t<\/p><\/div>\n\r\n\t\t<\/div>\r\n\t<\/div><div class=\"wprt-content-box clearfix \" data-padding=\"0px 50px 0px 50px\" data-mobipadding=\"35px 0px 35px 0px\" data-margin=\"\" data-mobimargin=\"\">\r\n\t\t<div class=\"inner-wrap \" style=\"\">\r\n\t\t\t<div class=\"wprt-icon-box clearfix icon-top w95 grey-bg align-center rounded-100 has-width\"><div class=\"icon-wrap \" style=\"font-size:40px;\">\r\n\t\t\t\t<i class=\"nz-restaurant\"><\/i>\r\n\t\t\t<\/div> <h3 class=\"heading \" style=\"font-size:16px;margin-bottom:5px;\">\r\n\t\t<a target=\"_blank\" href=\"\">\r\n\t\t\t<span>Un Banquete para tus Sentidos<\/span>\r\n\t\t<\/a>\r\n\t<\/h3><p class=\"desc\" style=\"\">\r\n\t\t<span>Nuestros envueltos son m\u00e1s que una mezcla de ingredientes; son un banquete para tus sentidos. Cada bocado es una exploraci\u00f3n de texturas, aromas y sabores que te transportan a las ra\u00edces de nuestra gastronom\u00eda. En Chokliarepas, cada envuelto es una experiencia sensorial, una conexi\u00f3n con la autenticidad de la comida colombiana.<\/span>\r\n\t<\/p><\/div>\n\r\n\t\t<\/div>\r\n\t<\/div><div class=\"wprt-content-box clearfix \" data-padding=\"0px 50px 0px 50px\" data-mobipadding=\"35px 0px 0px 0px\" data-margin=\"\" data-mobimargin=\"\">\r\n\t\t<div class=\"inner-wrap \" style=\"\">\r\n\t\t\t<div class=\"wprt-icon-box clearfix icon-top w95 grey-bg align-center rounded-100 has-width\"><div class=\"icon-wrap \" style=\"font-size:40px;\">\r\n\t\t\t\t<i class=\"nz-dinner\"><\/i>\r\n\t\t\t<\/div> <h3 class=\"heading \" style=\"font-size:16px;margin-bottom:5px;\">\r\n\t\t<a target=\"_blank\" href=\"\">\r\n\t\t\t<span>Delicias Envueltas con Tradici\u00f3n<\/span>\r\n\t\t<\/a>\r\n\t<\/h3><p class=\"desc\" style=\"\">\r\n\t\t<span>En Chokliarepas, las cubiertas de nuestros platos son un preludio a la tradici\u00f3n culinaria que ofrecemos. Cada arepa y envuelto es una delicia envuelta con los sabores m\u00e1s entra\u00f1ables de Colombia. La presentaci\u00f3n cuidadosa de nuestros platos refleja la dedicaci\u00f3n que ponemos en cada detalle, creando una experiencia culinaria que trasciende el paladar.<\/span>\r\n\t<\/p><\/div>\n\r\n\t\t<\/div>\r\n\t<\/div>\n\r\n\t<\/div>\r\n\t<div class=\"wprt-spacer clearfix\" data-desktop=\"82\" data-mobi=\"60\" data-smobi=\"60\"><\/div>[\/vc_column][\/vc_row]<\/p>\n<\/div>","protected":false},"excerpt":{"rendered":"<p>[vc_row][vc_column][vc_row_inner][vc_column_inner width=&#8221;1\/2&#8243;][\/vc_column_inner][vc_column_inner width=&#8221;1\/2&#8243;][\/vc_column_inner][\/vc_row_inner][\/vc_column][\/vc_row][vc_row][vc_column][\/vc_column][\/vc_row]<\/p>\n","protected":false},"author":1,"featured_media":0,"parent":0,"menu_order":0,"comment_status":"closed","ping_status":"closed","template":"","meta":{"om_disable_all_campaigns":false,"_monsterinsights_skip_tracking":false,"_monsterinsights_sitenote_active":false,"_monsterinsights_sitenote_note":"","_monsterinsights_sitenote_category":0,"footnotes":"","_joinchat":[]},"aioseo_notices":[],"_links":{"self":[{"href":"https:\/\/chokliarepas.com\/index.php\/wp-json\/wp\/v2\/pages\/729"}],"collection":[{"href":"https:\/\/chokliarepas.com\/index.php\/wp-json\/wp\/v2\/pages"}],"about":[{"href":"https:\/\/chokliarepas.com\/index.php\/wp-json\/wp\/v2\/types\/page"}],"author":[{"embeddable":true,"href":"https:\/\/chokliarepas.com\/index.php\/wp-json\/wp\/v2\/users\/1"}],"replies":[{"embeddable":true,"href":"https:\/\/chokliarepas.com\/index.php\/wp-json\/wp\/v2\/comments?post=729"}],"version-history":[{"count":9,"href":"https:\/\/chokliarepas.com\/index.php\/wp-json\/wp\/v2\/pages\/729\/revisions"}],"predecessor-version":[{"id":1314,"href":"https:\/\/chokliarepas.com\/index.php\/wp-json\/wp\/v2\/pages\/729\/revisions\/1314"}],"wp:attachment":[{"href":"https:\/\/chokliarepas.com\/index.php\/wp-json\/wp\/v2\/media?parent=729"}],"curies":[{"name":"wp","href":"https:\/\/api.w.org\/{rel}","templated":true}]}}