{"id":1246,"date":"2023-12-14T22:12:24","date_gmt":"2023-12-14T22:12:24","guid":{"rendered":"https:\/\/chokliarepas.com\/?post_type=product&#038;p=1246"},"modified":"2025-12-25T08:44:32","modified_gmt":"2025-12-25T08:44:32","slug":"envuelto-relleno","status":"publish","type":"product","link":"https:\/\/chokliarepas.com\/index.php\/product\/envuelto-relleno\/","title":{"rendered":"Envuelto Relleno (x5)"},"content":{"rendered":"<p><span>Sum\u00e9rgete en nuestra selecci\u00f3n \u00fanica de Envueltos Chokliarepas. Desde el irresistible Relleno de Queso hasta la perfecta combinaci\u00f3n de Queso y Bocadillo, cada bocado es un fest\u00edn de sabores. Ya sea con Uvas Pasas para un toque dulce o Coco para una experiencia tropical, nuestros envueltos te llevan en un viaje culinario que satisface todos los gustos. Descubre la diversidad de sabores aut\u00e9nticos en cada mordisco.<\/span><\/p>\n","protected":false},"excerpt":{"rendered":"<p><span>Paquete de 5 unidades. Desde el irresistible Relleno de Queso hasta la perfecta combinaci\u00f3n de Queso y Bocadillo, cada bocado es un fest\u00edn de sabores. Ya sea con Uvas Pasas para un toque dulce o Coco para una experiencia tropical, nuestros envueltos te llevan en un viaje culinario que satisface todos los gustos. Descubre la diversidad de sabores aut\u00e9nticos en cada mordisco.<\/span><\/p>\n","protected":false},"featured_media":1330,"comment_status":"open","ping_status":"closed","template":"","meta":{"om_disable_all_campaigns":false,"_monsterinsights_skip_tracking":false,"_monsterinsights_sitenote_active":false,"_monsterinsights_sitenote_note":"","_monsterinsights_sitenote_category":0,"_joinchat":[]},"product_cat":[56],"product_tag":[],"aioseo_notices":[],"_links":{"self":[{"href":"https:\/\/chokliarepas.com\/index.php\/wp-json\/wp\/v2\/product\/1246"}],"collection":[{"href":"https:\/\/chokliarepas.com\/index.php\/wp-json\/wp\/v2\/product"}],"about":[{"href":"https:\/\/chokliarepas.com\/index.php\/wp-json\/wp\/v2\/types\/product"}],"replies":[{"embeddable":true,"href":"https:\/\/chokliarepas.com\/index.php\/wp-json\/wp\/v2\/comments?post=1246"}],"wp:featuredmedia":[{"embeddable":true,"href":"https:\/\/chokliarepas.com\/index.php\/wp-json\/wp\/v2\/media\/1330"}],"wp:attachment":[{"href":"https:\/\/chokliarepas.com\/index.php\/wp-json\/wp\/v2\/media?parent=1246"}],"wp:term":[{"taxonomy":"product_cat","embeddable":true,"href":"https:\/\/chokliarepas.com\/index.php\/wp-json\/wp\/v2\/product_cat?post=1246"},{"taxonomy":"product_tag","embeddable":true,"href":"https:\/\/chokliarepas.com\/index.php\/wp-json\/wp\/v2\/product_tag?post=1246"}],"curies":[{"name":"wp","href":"https:\/\/api.w.org\/{rel}","templated":true}]}}