{"id":1382,"date":"2024-01-18T15:00:30","date_gmt":"2024-01-18T15:00:30","guid":{"rendered":"https:\/\/chokliarepas.com\/?post_type=product&#038;p=1382"},"modified":"2025-11-25T03:32:15","modified_gmt":"2025-11-25T03:32:15","slug":"arepas-de-huevo-costenas","status":"publish","type":"product","link":"https:\/\/chokliarepas.com\/index.php\/product\/arepas-de-huevo-costenas\/","title":{"rendered":"Arepas de Huevo Coste\u00f1as (x5)"},"content":{"rendered":"<p>Sum\u00e9rgete en la aut\u00e9ntica esencia de la gastronom\u00eda colombiana con nuestras Arepas de Huevo Congeladas. Cada arepa, cuidadosamente preparada con una mezcla de harina de ma\u00edz y un generoso relleno de huevo y sabrosos ingredientes, es un tributo a la tradici\u00f3n culinaria de Colombia. Experimenta la perfecta fusi\u00f3n de texturas y sabores al descongelar y calentar estas arepas, revelando el sabor genuino y la practicidad de la aut\u00e9ntica arepa de huevo en cualquier momento del d\u00eda. \u00a1Descubre la autenticidad de Chokliarepas en cada bocado con nuestras Arepas de Huevo Coste\u00f1as Congeladas! \ud83c\udf3d\ud83c\udf73\ud83c\udde8\ud83c\uddf4<\/p>\n","protected":false},"excerpt":{"rendered":"<p>(Paquete x 5 unidades) Cada arepa, cuidadosamente preparada con una mezcla de harina de ma\u00edz y un generoso relleno de huevo y sabrosos ingredientes, es un tributo a la tradici\u00f3n culinaria de Colombia. Experimenta la perfecta fusi\u00f3n de texturas y sabores al descongelar y calentar estas arepas, revelando el sabor genuino y la practicidad de la aut\u00e9ntica arepa de huevo en cualquier momento del d\u00eda.<\/p>\n","protected":false},"featured_media":1387,"comment_status":"open","ping_status":"closed","template":"","meta":{"om_disable_all_campaigns":false,"_monsterinsights_skip_tracking":false,"_monsterinsights_sitenote_active":false,"_monsterinsights_sitenote_note":"","_monsterinsights_sitenote_category":0,"_joinchat":[]},"product_cat":[55],"product_tag":[],"aioseo_notices":[],"_links":{"self":[{"href":"https:\/\/chokliarepas.com\/index.php\/wp-json\/wp\/v2\/product\/1382"}],"collection":[{"href":"https:\/\/chokliarepas.com\/index.php\/wp-json\/wp\/v2\/product"}],"about":[{"href":"https:\/\/chokliarepas.com\/index.php\/wp-json\/wp\/v2\/types\/product"}],"replies":[{"embeddable":true,"href":"https:\/\/chokliarepas.com\/index.php\/wp-json\/wp\/v2\/comments?post=1382"}],"wp:featuredmedia":[{"embeddable":true,"href":"https:\/\/chokliarepas.com\/index.php\/wp-json\/wp\/v2\/media\/1387"}],"wp:attachment":[{"href":"https:\/\/chokliarepas.com\/index.php\/wp-json\/wp\/v2\/media?parent=1382"}],"wp:term":[{"taxonomy":"product_cat","embeddable":true,"href":"https:\/\/chokliarepas.com\/index.php\/wp-json\/wp\/v2\/product_cat?post=1382"},{"taxonomy":"product_tag","embeddable":true,"href":"https:\/\/chokliarepas.com\/index.php\/wp-json\/wp\/v2\/product_tag?post=1382"}],"curies":[{"name":"wp","href":"https:\/\/api.w.org\/{rel}","templated":true}]}}